{"id":91,"date":"2017-04-08T10:37:50","date_gmt":"2017-04-08T10:37:50","guid":{"rendered":"http:\/\/www.musikhaus-ammann.ch\/wp\/?page_id=91"},"modified":"2025-09-23T15:54:51","modified_gmt":"2025-09-23T15:54:51","slug":"transporte","status":"publish","type":"page","link":"https:\/\/www.musikhaus-ammann.ch\/?page_id=91","title":{"rendered":"Transporte"},"content":{"rendered":"<p><span style=\"color: #000000;\">Sie sind auf der Suche nach einem fachkundigen Transportunternehmen, dass Ihr Instrument mit der n\u00f6tigen Sorgfalt in Ihr neues Zuhause liefert? Da sind Sie bei uns genau richtig! Egal ob Fl\u00fcgel, Klavier oder auch ein Digitalpiano, wir nehmen uns der Sache gerne an. Mit unserer \u00fcber 42 j\u00e4hrigen Erfahrung im Umgang mit den Instrumenten, haben wir auch schon unm\u00f6gliches m\u00f6glich gemacht. Es gibt immer wieder Situationen, wo ein Treppenhaus zu eng f\u00fcr ein Instrument ist. Da greifen wir nach M\u00f6glichkeit zu einem Kran oder Gabelstapler, um dem Kundenwunsch gerecht zu werden. Bitte fragen Sie uns telefonisch oder per Mail an, damit wir Ihnen eine unverbindliche Offerte erstellen k\u00f6nnen.<\/span><\/p>\n<p><span style=\"color: #000000;\">\u00dcber eine Anfrage w\u00fcrde ich mich sehr freuen.<\/span><\/p>\n<p><a href=\"ammann.hans@bluewin.ch\" target=\"_blank\" rel=\"noopener noreferrer\">info@musikhaus-ammann.ch<\/a><\/p>\n<p><span style=\"color: #000000;\">044 850 40 22<\/span><\/p>\n","protected":false},"excerpt":{"rendered":"<p>Sie sind auf der Suche nach einem fachkundigen Transportunternehmen, dass Ihr Instrument mit der n\u00f6tigen Sorgfalt in Ihr neues Zuhause [&hellip;]<\/p>\n","protected":false},"author":1,"featured_media":0,"parent":15,"menu_order":0,"comment_status":"closed","ping_status":"closed","template":"","meta":{"footnotes":""},"class_list":["post-91","page","type-page","status-publish","hentry"],"_links":{"self":[{"href":"https:\/\/www.musikhaus-ammann.ch\/index.php?rest_route=\/wp\/v2\/pages\/91","targetHints":{"allow":["GET"]}}],"collection":[{"href":"https:\/\/www.musikhaus-ammann.ch\/index.php?rest_route=\/wp\/v2\/pages"}],"about":[{"href":"https:\/\/www.musikhaus-ammann.ch\/index.php?rest_route=\/wp\/v2\/types\/page"}],"author":[{"embeddable":true,"href":"https:\/\/www.musikhaus-ammann.ch\/index.php?rest_route=\/wp\/v2\/users\/1"}],"replies":[{"embeddable":true,"href":"https:\/\/www.musikhaus-ammann.ch\/index.php?rest_route=%2Fwp%2Fv2%2Fcomments&post=91"}],"version-history":[{"count":10,"href":"https:\/\/www.musikhaus-ammann.ch\/index.php?rest_route=\/wp\/v2\/pages\/91\/revisions"}],"predecessor-version":[{"id":935,"href":"https:\/\/www.musikhaus-ammann.ch\/index.php?rest_route=\/wp\/v2\/pages\/91\/revisions\/935"}],"up":[{"embeddable":true,"href":"https:\/\/www.musikhaus-ammann.ch\/index.php?rest_route=\/wp\/v2\/pages\/15"}],"wp:attachment":[{"href":"https:\/\/www.musikhaus-ammann.ch\/index.php?rest_route=%2Fwp%2Fv2%2Fmedia&parent=91"}],"curies":[{"name":"wp","href":"https:\/\/api.w.org\/{rel}","templated":true}]}}