{"id":79,"date":"2017-04-08T10:10:50","date_gmt":"2017-04-08T10:10:50","guid":{"rendered":"http:\/\/www.musikhaus-ammann.ch\/wp\/?page_id=79"},"modified":"2017-04-28T07:53:51","modified_gmt":"2017-04-28T07:53:51","slug":"revisionen","status":"publish","type":"page","link":"https:\/\/www.musikhaus-ammann.ch\/?page_id=79","title":{"rendered":"Revisionen"},"content":{"rendered":"<p>Jedes Instrument sollte nach einer gewissen Spieldauer \u00fcberholt werden, ob es sich um einen Fl\u00fcgel oder Saxophon handelt. Teil-oder Totalrevisionen an Fl\u00fcgel oder Klavier, werden in unserer eigenen Werkstatt durchgef\u00fchrt. Ob wir nur die Mechanik in die Werkstatt nehmen oder das ganze Instrument, m\u00fcssen wir vor Ort begutachten. Nur so bekommen wir einen Eindruck vom Instrument und k\u00f6nnen Ihnen so eine korrekte Offerte erstellen. Fragen Sie uns einfach an.<\/p>\n","protected":false},"excerpt":{"rendered":"<p>Jedes Instrument sollte nach einer gewissen Spieldauer \u00fcberholt werden, ob es sich um einen Fl\u00fcgel oder Saxophon handelt. Teil-oder Totalrevisionen [&hellip;]<\/p>\n","protected":false},"author":1,"featured_media":0,"parent":15,"menu_order":0,"comment_status":"closed","ping_status":"closed","template":"","meta":{"footnotes":""},"class_list":["post-79","page","type-page","status-publish","hentry"],"_links":{"self":[{"href":"https:\/\/www.musikhaus-ammann.ch\/index.php?rest_route=\/wp\/v2\/pages\/79","targetHints":{"allow":["GET"]}}],"collection":[{"href":"https:\/\/www.musikhaus-ammann.ch\/index.php?rest_route=\/wp\/v2\/pages"}],"about":[{"href":"https:\/\/www.musikhaus-ammann.ch\/index.php?rest_route=\/wp\/v2\/types\/page"}],"author":[{"embeddable":true,"href":"https:\/\/www.musikhaus-ammann.ch\/index.php?rest_route=\/wp\/v2\/users\/1"}],"replies":[{"embeddable":true,"href":"https:\/\/www.musikhaus-ammann.ch\/index.php?rest_route=%2Fwp%2Fv2%2Fcomments&post=79"}],"version-history":[{"count":4,"href":"https:\/\/www.musikhaus-ammann.ch\/index.php?rest_route=\/wp\/v2\/pages\/79\/revisions"}],"predecessor-version":[{"id":369,"href":"https:\/\/www.musikhaus-ammann.ch\/index.php?rest_route=\/wp\/v2\/pages\/79\/revisions\/369"}],"up":[{"embeddable":true,"href":"https:\/\/www.musikhaus-ammann.ch\/index.php?rest_route=\/wp\/v2\/pages\/15"}],"wp:attachment":[{"href":"https:\/\/www.musikhaus-ammann.ch\/index.php?rest_route=%2Fwp%2Fv2%2Fmedia&parent=79"}],"curies":[{"name":"wp","href":"https:\/\/api.w.org\/{rel}","templated":true}]}}