{"id":341,"date":"2017-04-27T15:51:34","date_gmt":"2017-04-27T15:51:34","guid":{"rendered":"http:\/\/www.musikhaus-ammann.ch\/wp\/?page_id=341"},"modified":"2022-10-20T09:33:26","modified_gmt":"2022-10-20T09:33:26","slug":"digitalpianos","status":"publish","type":"page","link":"https:\/\/www.musikhaus-ammann.ch\/?page_id=341","title":{"rendered":"Digitalpianos"},"content":{"rendered":"<p><span style=\"color: #000000;\">Ob Miete oder Kauf entscheiden Sie. Bei Musik-und Pianohaus Ammann bekommen Sie die M\u00f6glichkeit Ihr Trauminstrument erstmals zu mieten. Das Mietkauf System ist sehr fair und ohne Kaufzwang, die bezahlten Mieten werden Ihnen zu <strong>100%<\/strong> angerechnet. Es spielt keine Rolle ob Sie den Kauf nach einem oder auch 5 Jahren durchf\u00fchren, es wird alles angerechnet. Die Mietpreise sind abh\u00e4ngig vom jeweiligen Verkaufspreis des gew\u00fcnschten Instruments. Bitte fragen Sie uns einfach an, damit wir Ihnen eine Offerte erstellen k\u00f6nnen.<\/span><\/p>\n","protected":false},"excerpt":{"rendered":"<p>Ob Miete oder Kauf entscheiden Sie. Bei Musik-und Pianohaus Ammann bekommen Sie die M\u00f6glichkeit Ihr Trauminstrument erstmals zu mieten. Das [&hellip;]<\/p>\n","protected":false},"author":1,"featured_media":0,"parent":17,"menu_order":0,"comment_status":"closed","ping_status":"closed","template":"","meta":{"footnotes":""},"class_list":["post-341","page","type-page","status-publish","hentry"],"_links":{"self":[{"href":"https:\/\/www.musikhaus-ammann.ch\/index.php?rest_route=\/wp\/v2\/pages\/341","targetHints":{"allow":["GET"]}}],"collection":[{"href":"https:\/\/www.musikhaus-ammann.ch\/index.php?rest_route=\/wp\/v2\/pages"}],"about":[{"href":"https:\/\/www.musikhaus-ammann.ch\/index.php?rest_route=\/wp\/v2\/types\/page"}],"author":[{"embeddable":true,"href":"https:\/\/www.musikhaus-ammann.ch\/index.php?rest_route=\/wp\/v2\/users\/1"}],"replies":[{"embeddable":true,"href":"https:\/\/www.musikhaus-ammann.ch\/index.php?rest_route=%2Fwp%2Fv2%2Fcomments&post=341"}],"version-history":[{"count":5,"href":"https:\/\/www.musikhaus-ammann.ch\/index.php?rest_route=\/wp\/v2\/pages\/341\/revisions"}],"predecessor-version":[{"id":809,"href":"https:\/\/www.musikhaus-ammann.ch\/index.php?rest_route=\/wp\/v2\/pages\/341\/revisions\/809"}],"up":[{"embeddable":true,"href":"https:\/\/www.musikhaus-ammann.ch\/index.php?rest_route=\/wp\/v2\/pages\/17"}],"wp:attachment":[{"href":"https:\/\/www.musikhaus-ammann.ch\/index.php?rest_route=%2Fwp%2Fv2%2Fmedia&parent=341"}],"curies":[{"name":"wp","href":"https:\/\/api.w.org\/{rel}","templated":true}]}}