{"id":337,"date":"2017-04-27T15:50:46","date_gmt":"2017-04-27T15:50:46","guid":{"rendered":"http:\/\/www.musikhaus-ammann.ch\/wp\/?page_id=337"},"modified":"2023-05-17T09:38:21","modified_gmt":"2023-05-17T09:38:21","slug":"klavier","status":"publish","type":"page","link":"https:\/\/www.musikhaus-ammann.ch\/?page_id=337","title":{"rendered":"Klavier"},"content":{"rendered":"<p><span style=\"color: #000000;\">Ob Miete oder Kauf entscheiden Sie. Bei Musik-und Pianohaus Ammann bekommen Sie die M\u00f6glichkeit Ihr Trauminstrument erstmals zu mieten. Das Mietkauf System ist sehr fair und ohne Kaufzwang, die bezahlten Mieten werden Ihnen zu <strong>100%<\/strong> angerechnet. Es spielt keine Rolle ob\u00a0Sie den\u00a0Kauf nach einem oder auch 5 Jahren durchf\u00fchren, es wird alles angerechnet.\u00a0Die Mietpreise sind abh\u00e4ngig vom jeweiligen Verkaufspreis des gew\u00fcnschten Instruments. Bitte fragen Sie uns einfach an, damit wir Ihnen eine Offerte erstellen k\u00f6nnen.<span style=\"color: #20e3e0;\">\u00a0<\/span><\/span><span style=\"color: #ffffff;\">Klavier Mieten B\u00fclach, Klavier mieten Kloten, Klavier mieten Dielsdorf, Klavier Mieten Z\u00fcrich, Klavier mieten<\/span><\/p>\n","protected":false},"excerpt":{"rendered":"<p>Ob Miete oder Kauf entscheiden Sie. Bei Musik-und Pianohaus Ammann bekommen Sie die M\u00f6glichkeit Ihr Trauminstrument erstmals zu mieten. Das [&hellip;]<\/p>\n","protected":false},"author":1,"featured_media":0,"parent":17,"menu_order":0,"comment_status":"closed","ping_status":"closed","template":"","meta":{"footnotes":""},"class_list":["post-337","page","type-page","status-publish","hentry"],"_links":{"self":[{"href":"https:\/\/www.musikhaus-ammann.ch\/index.php?rest_route=\/wp\/v2\/pages\/337","targetHints":{"allow":["GET"]}}],"collection":[{"href":"https:\/\/www.musikhaus-ammann.ch\/index.php?rest_route=\/wp\/v2\/pages"}],"about":[{"href":"https:\/\/www.musikhaus-ammann.ch\/index.php?rest_route=\/wp\/v2\/types\/page"}],"author":[{"embeddable":true,"href":"https:\/\/www.musikhaus-ammann.ch\/index.php?rest_route=\/wp\/v2\/users\/1"}],"replies":[{"embeddable":true,"href":"https:\/\/www.musikhaus-ammann.ch\/index.php?rest_route=%2Fwp%2Fv2%2Fcomments&post=337"}],"version-history":[{"count":11,"href":"https:\/\/www.musikhaus-ammann.ch\/index.php?rest_route=\/wp\/v2\/pages\/337\/revisions"}],"predecessor-version":[{"id":852,"href":"https:\/\/www.musikhaus-ammann.ch\/index.php?rest_route=\/wp\/v2\/pages\/337\/revisions\/852"}],"up":[{"embeddable":true,"href":"https:\/\/www.musikhaus-ammann.ch\/index.php?rest_route=\/wp\/v2\/pages\/17"}],"wp:attachment":[{"href":"https:\/\/www.musikhaus-ammann.ch\/index.php?rest_route=%2Fwp%2Fv2%2Fmedia&parent=337"}],"curies":[{"name":"wp","href":"https:\/\/api.w.org\/{rel}","templated":true}]}}