{"id":250,"date":"2017-04-26T07:47:12","date_gmt":"2017-04-26T07:47:12","guid":{"rendered":"http:\/\/www.musikhaus-ammann.ch\/wp\/?page_id=250"},"modified":"2017-04-27T13:02:43","modified_gmt":"2017-04-27T13:02:43","slug":"fuer-djs","status":"publish","type":"page","link":"https:\/\/www.musikhaus-ammann.ch\/?page_id=250","title":{"rendered":"F\u00fcr DJ`s"},"content":{"rendered":"<p>Gerne versuchen wir Sie auch in diesem Bereich zu bedienen. Es ist vieles\u00a0im Laden erh\u00e4ltlich, alles andere k\u00f6nnen wir Ihnen umgehend besorgen. Wir freuen uns \u00fcber jede Anfrage.<a href=\"http:\/\/www.musikhaus-ammann.ch\/wp\/wp-content\/uploads\/2017\/04\/DJ-808.jpg\"><img loading=\"lazy\" decoding=\"async\" class=\"alignright wp-image-270\" src=\"http:\/\/www.musikhaus-ammann.ch\/wp\/wp-content\/uploads\/2017\/04\/DJ-808-300x300.jpg\" alt=\"\" width=\"496\" height=\"496\" srcset=\"https:\/\/www.musikhaus-ammann.ch\/wp\/wp-content\/uploads\/2017\/04\/DJ-808-300x300.jpg 300w, https:\/\/www.musikhaus-ammann.ch\/wp\/wp-content\/uploads\/2017\/04\/DJ-808-100x100.jpg 100w, https:\/\/www.musikhaus-ammann.ch\/wp\/wp-content\/uploads\/2017\/04\/DJ-808-150x150.jpg 150w, https:\/\/www.musikhaus-ammann.ch\/wp\/wp-content\/uploads\/2017\/04\/DJ-808.jpg 400w\" sizes=\"auto, (max-width: 496px) 100vw, 496px\" \/><\/a><\/p>\n<p>Egal ob Sie auf der Suche nach einem Mixer, MIDI-Controller oder Laptop Halterung sind, wir werden das Richtige f\u00fcr Sie finden.<\/p>\n<ul>\n<li><a href=\"http:\/\/www.alesis.com\/products\/browse\/category\/midi-controllers\">Alesis<\/a><\/li>\n<li><a href=\"http:\/\/www.rolandmusik.ch\">Roland<\/a><\/li>\n<li><a href=\"https:\/\/ch.yamaha.com\/de\/products\/music_production\/index.html\">Yamaha<\/a><\/li>\n<li><a href=\"http:\/\/www.rolandmusik.ch\/categories.asp?cID=273\">ARIA<\/a><\/li>\n<li>Andere<\/li>\n<\/ul>\n<p>&nbsp;<\/p>\n","protected":false},"excerpt":{"rendered":"<p>Gerne versuchen wir Sie auch in diesem Bereich zu bedienen. Es ist vieles\u00a0im Laden erh\u00e4ltlich, alles andere k\u00f6nnen wir Ihnen [&hellip;]<\/p>\n","protected":false},"author":1,"featured_media":0,"parent":70,"menu_order":0,"comment_status":"closed","ping_status":"closed","template":"","meta":{"footnotes":""},"class_list":["post-250","page","type-page","status-publish","hentry"],"_links":{"self":[{"href":"https:\/\/www.musikhaus-ammann.ch\/index.php?rest_route=\/wp\/v2\/pages\/250","targetHints":{"allow":["GET"]}}],"collection":[{"href":"https:\/\/www.musikhaus-ammann.ch\/index.php?rest_route=\/wp\/v2\/pages"}],"about":[{"href":"https:\/\/www.musikhaus-ammann.ch\/index.php?rest_route=\/wp\/v2\/types\/page"}],"author":[{"embeddable":true,"href":"https:\/\/www.musikhaus-ammann.ch\/index.php?rest_route=\/wp\/v2\/users\/1"}],"replies":[{"embeddable":true,"href":"https:\/\/www.musikhaus-ammann.ch\/index.php?rest_route=%2Fwp%2Fv2%2Fcomments&post=250"}],"version-history":[{"count":6,"href":"https:\/\/www.musikhaus-ammann.ch\/index.php?rest_route=\/wp\/v2\/pages\/250\/revisions"}],"predecessor-version":[{"id":324,"href":"https:\/\/www.musikhaus-ammann.ch\/index.php?rest_route=\/wp\/v2\/pages\/250\/revisions\/324"}],"up":[{"embeddable":true,"href":"https:\/\/www.musikhaus-ammann.ch\/index.php?rest_route=\/wp\/v2\/pages\/70"}],"wp:attachment":[{"href":"https:\/\/www.musikhaus-ammann.ch\/index.php?rest_route=%2Fwp%2Fv2%2Fmedia&parent=250"}],"curies":[{"name":"wp","href":"https:\/\/api.w.org\/{rel}","templated":true}]}}