{"id":199,"date":"2017-04-11T16:10:35","date_gmt":"2017-04-11T16:10:35","guid":{"rendered":"http:\/\/www.musikhaus-ammann.ch\/wp\/?page_id=199"},"modified":"2017-04-27T12:55:42","modified_gmt":"2017-04-27T12:55:42","slug":"pa-sound-anlagen","status":"publish","type":"page","link":"https:\/\/www.musikhaus-ammann.ch\/?page_id=199","title":{"rendered":"PA \/ Sound Anlagen"},"content":{"rendered":"<p>In unserem Ladengesch\u00e4ft ist f\u00fcr Jedermann etwas dabei, ob Sie nur kleine Boxen f\u00fcr Ihr Studio brauchen oder richtig fetten Sound m\u00f6chten f\u00fcr die n\u00e4chste Party. Vom Studiomonitor bis zur 1500Watt Box bekommen sie bei uns alles. Es sind diverse Soundsysteme angeschlossen, nehmen sie ihren Sound mit und testen sie gleich selber was ihnen gef\u00e4llt. F\u00fcr Partys oder Events sind auch Mietm\u00f6glichkeiten vorhanden, fragen Sie uns an oder schauen Sie in die Rubrik Vermietung.<\/p>\n<p>Komm Sie vorbei und wir lassen es krachen!<img loading=\"lazy\" decoding=\"async\" class=\"alignright wp-image-172\" src=\"http:\/\/www.musikhaus-ammann.ch\/wp\/wp-content\/uploads\/2017\/04\/DSC_0086-300x201.jpg\" alt=\"\" width=\"491\" height=\"329\" srcset=\"https:\/\/www.musikhaus-ammann.ch\/wp\/wp-content\/uploads\/2017\/04\/DSC_0086-300x201.jpg 300w, https:\/\/www.musikhaus-ammann.ch\/wp\/wp-content\/uploads\/2017\/04\/DSC_0086-600x402.jpg 600w, https:\/\/www.musikhaus-ammann.ch\/wp\/wp-content\/uploads\/2017\/04\/DSC_0086-768x514.jpg 768w, https:\/\/www.musikhaus-ammann.ch\/wp\/wp-content\/uploads\/2017\/04\/DSC_0086-1024x685.jpg 1024w\" sizes=\"auto, (max-width: 491px) 100vw, 491px\" \/><\/p>\n<p>&nbsp;<\/p>\n<ul>\n<li><a href=\"https:\/\/ch.yamaha.com\/de\/search\/index.html?search=dsr\">Yamaha<\/a><\/li>\n<li><a href=\"http:\/\/line6.com\/stagesource-pa-speaker\/\">Line6<\/a><\/li>\n<li><a href=\"http:\/\/hkaudio.com\">HK<\/a><\/li>\n<li><a href=\"https:\/\/www.qsc.com\/de\/systems\/produkte\/lautsprecher\/\">QSC<\/a><\/li>\n<li><a href=\"http:\/\/www.ld-systems.com\/en\/home\/?force_sid=nah01rhm7h3f36tg44og7aeov1\">LD\u00a0<\/a><\/li>\n<li>Andere<\/li>\n<\/ul>\n<p>&nbsp;<\/p>\n<p>&nbsp;<\/p>\n","protected":false},"excerpt":{"rendered":"<p>In unserem Ladengesch\u00e4ft ist f\u00fcr Jedermann etwas dabei, ob Sie nur kleine Boxen f\u00fcr Ihr Studio brauchen oder richtig fetten [&hellip;]<\/p>\n","protected":false},"author":1,"featured_media":0,"parent":70,"menu_order":0,"comment_status":"closed","ping_status":"closed","template":"","meta":{"footnotes":""},"class_list":["post-199","page","type-page","status-publish","hentry"],"_links":{"self":[{"href":"https:\/\/www.musikhaus-ammann.ch\/index.php?rest_route=\/wp\/v2\/pages\/199","targetHints":{"allow":["GET"]}}],"collection":[{"href":"https:\/\/www.musikhaus-ammann.ch\/index.php?rest_route=\/wp\/v2\/pages"}],"about":[{"href":"https:\/\/www.musikhaus-ammann.ch\/index.php?rest_route=\/wp\/v2\/types\/page"}],"author":[{"embeddable":true,"href":"https:\/\/www.musikhaus-ammann.ch\/index.php?rest_route=\/wp\/v2\/users\/1"}],"replies":[{"embeddable":true,"href":"https:\/\/www.musikhaus-ammann.ch\/index.php?rest_route=%2Fwp%2Fv2%2Fcomments&post=199"}],"version-history":[{"count":9,"href":"https:\/\/www.musikhaus-ammann.ch\/index.php?rest_route=\/wp\/v2\/pages\/199\/revisions"}],"predecessor-version":[{"id":318,"href":"https:\/\/www.musikhaus-ammann.ch\/index.php?rest_route=\/wp\/v2\/pages\/199\/revisions\/318"}],"up":[{"embeddable":true,"href":"https:\/\/www.musikhaus-ammann.ch\/index.php?rest_route=\/wp\/v2\/pages\/70"}],"wp:attachment":[{"href":"https:\/\/www.musikhaus-ammann.ch\/index.php?rest_route=%2Fwp%2Fv2%2Fmedia&parent=199"}],"curies":[{"name":"wp","href":"https:\/\/api.w.org\/{rel}","templated":true}]}}