{"id":83,"date":"2017-04-08T10:13:59","date_gmt":"2017-04-08T10:13:59","guid":{"rendered":"http:\/\/www.musikhaus-ammann.ch\/wp\/?page_id=83"},"modified":"2023-03-03T14:29:54","modified_gmt":"2023-03-03T14:29:54","slug":"offene-stellen","status":"publish","type":"page","link":"http:\/\/www.musikhaus-ammann.ch\/?page_id=83","title":{"rendered":"Offene Stellen"},"content":{"rendered":"<h2><strong>Klavierbauer\/in&nbsp;<\/strong><\/h2>\n<p><span style=\"color: #000000;\"><strong>Ihre Qualifikationen:<\/strong><\/span><\/p>\n<ul>\n<li>Erfolgreich abgeschlossene Ausbildung als Klavierbauer (oder vergl. Qualifikation)<\/li>\n<li>Aufgeschlossenes und freundliches Auftreten (auch am Telefon), gepflegtes Erscheinungsbild<\/li>\n<li>Belastbarkeit, Motivation und Engagement<\/li>\n<li>flexibel und selbst\u00e4ndig<\/li>\n<li>Teamplayer<\/li>\n<li>gute Deutsch Kenntnisse in Sprache und Schrift<\/li>\n<\/ul>\n<p><span style=\"color: #000000;\"><strong>Wir bieten:<\/strong><\/span><\/p>\n<ul>\n<li>gute Entlohnung<\/li>\n<li>faire Arbeitsbedingungen<\/li>\n<li>Gesch\u00e4ftswagen<\/li>\n<li>Gutes Team<\/li>\n<\/ul>\n<p><span style=\"color: #000000;\"><strong>Aufgabenbereich:<\/strong><\/span><\/p>\n<ul>\n<li>Stimmen im Aussendienst<\/li>\n<li>Expertisen<\/li>\n<li>erstellen von Offerten<\/li>\n<li>Revisionen und Reparaturen in eigener Werkstatt<\/li>\n<\/ul>\n<div class=\"Stellenbeschreibung clearfix\">\n<div class=\"euresDescription\">\n<p><strong><span style=\"color: #000000;\">Geforderte Unterlagen:<\/span> <\/strong><\/p>\n<ul>\n<li>Anschreiben<\/li>\n<li>Tabellarischer Lebenslauf (m\u00f6glichst mit Portraitfoto)<\/li>\n<li>Urkunden und Zeugnisse<\/li>\n<\/ul>\n<\/div>\n<\/div>\n<h2 class=\"ArbeitgeberInformation clearfix\">Transporteur&nbsp;<\/h2>\n\n\n<p class=\"has-black-color has-text-color\">Wir suchen per sofort eine kr\u00e4ftige Unterst\u00fctzung f\u00fcr die Auslieferung und Umtransporte unserer Fl\u00fcgel und Klaviere.<\/p>\n\n\n\n<p class=\"has-black-color has-text-color\">Du solltest freundlich und stark sein.<\/p>\n\n\n\n<p class=\"has-black-color has-text-color\">Es handelt sich um ca. einen 1 Tag in der Woche, oder abends ein paar stunden.<\/p>\n\n\n\n<p class=\"has-black-color has-text-color\">Meldet euch bei uns <\/p>\n\n\n\n<p><\/p>\n\n\n\n<p><\/p>\n\n\n\n<p class=\"has-black-color has-text-color has-large-font-size\">Wir suchen per sofort<\/p>\n\n\n\n<p><\/p>\n\n\n\n<p class=\"has-black-color has-text-color\"><strong>Detailhandel, Allrounder\/in f\u00fcr allgemeine B\u00fcroarbeiten und Mithilfe im Verkauf<\/strong><\/p>\n\n\n\n<p class=\"has-black-color has-text-color\">Sie sind f\u00fcr die Kundenbetreuung, f\u00fcr den Einkauf und Verkauf von A-Z zust\u00e4ndig und unterst\u00fctzen kompetent den administrativen Bereich. Sie haben telefonischen, pers\u00f6nlichen und schriftlichen Kontakt mit den Kunden und organisieren Klavierstimmungen in der ganzen Deutschschweiz. Zudem erstellen Sie Statistiken, Offerten, Rechnungen und diverse Korrespondenzen.<\/p>\n\n\n\n<p class=\"has-black-color has-text-color\">Sie bringen neben einer abgeschlossenen Ausbildung im Verkauf oder B\u00fcro, Verkaufserfahrungen oder B\u00fcroerfahrungen mit, haben Erfahrung in der Musikbranche oder spielen ein Instrument.&nbsp;<\/p>\n\n\n\n<p class=\"has-black-color has-text-color\">Sind Sie zudem belastbar und flexibel und lieben selbst\u00e4ndiges Arbeiten, dann sind Sie bei uns genau richtig. Wir bieten ein kleines Team mit attraktiven Anstellungsbedingungen, interessante, vielseitige T\u00e4tigkeit f\u00fcr selbst\u00e4ndige und exakt arbeitende Personen.<\/p>\n\n\n\n<p class=\"has-black-color has-text-color\">Ich freue mich auf eure Bewerbungen<\/p>\n","protected":false},"excerpt":{"rendered":"<p>Klavierbauer\/in&nbsp; Ihre Qualifikationen: Erfolgreich abgeschlossene Ausbildung als Klavierbauer (oder vergl. Qualifikation) Aufgeschlossenes und freundliches Auftreten (auch am Telefon), gepflegtes Erscheinungsbild [&hellip;]<\/p>\n","protected":false},"author":1,"featured_media":0,"parent":11,"menu_order":-4,"comment_status":"closed","ping_status":"closed","template":"","meta":{"footnotes":""},"class_list":["post-83","page","type-page","status-publish","hentry"],"_links":{"self":[{"href":"http:\/\/www.musikhaus-ammann.ch\/index.php?rest_route=\/wp\/v2\/pages\/83","targetHints":{"allow":["GET"]}}],"collection":[{"href":"http:\/\/www.musikhaus-ammann.ch\/index.php?rest_route=\/wp\/v2\/pages"}],"about":[{"href":"http:\/\/www.musikhaus-ammann.ch\/index.php?rest_route=\/wp\/v2\/types\/page"}],"author":[{"embeddable":true,"href":"http:\/\/www.musikhaus-ammann.ch\/index.php?rest_route=\/wp\/v2\/users\/1"}],"replies":[{"embeddable":true,"href":"http:\/\/www.musikhaus-ammann.ch\/index.php?rest_route=%2Fwp%2Fv2%2Fcomments&post=83"}],"version-history":[{"count":13,"href":"http:\/\/www.musikhaus-ammann.ch\/index.php?rest_route=\/wp\/v2\/pages\/83\/revisions"}],"predecessor-version":[{"id":833,"href":"http:\/\/www.musikhaus-ammann.ch\/index.php?rest_route=\/wp\/v2\/pages\/83\/revisions\/833"}],"up":[{"embeddable":true,"href":"http:\/\/www.musikhaus-ammann.ch\/index.php?rest_route=\/wp\/v2\/pages\/11"}],"wp:attachment":[{"href":"http:\/\/www.musikhaus-ammann.ch\/index.php?rest_route=%2Fwp%2Fv2%2Fmedia&parent=83"}],"curies":[{"name":"wp","href":"https:\/\/api.w.org\/{rel}","templated":true}]}}