{"id":60,"date":"2017-04-08T09:15:13","date_gmt":"2017-04-08T09:15:13","guid":{"rendered":"http:\/\/www.musikhaus-ammann.ch\/wp\/?page_id=60"},"modified":"2017-04-27T13:59:25","modified_gmt":"2017-04-27T13:59:25","slug":"digitalpianos","status":"publish","type":"page","link":"http:\/\/www.musikhaus-ammann.ch\/?page_id=60","title":{"rendered":"Digitalpianos"},"content":{"rendered":"<p>Sie w\u00fcrden gerne mit dem Klavierspielen beginnen, m\u00f6chten aber kein Klavier sondern ein Digitalpiano?\u00a0Bei uns finden Sie eine grosse Auswahl an Digitalen Tasteninstrumenten, ob mit oder ohne Rhythmus. Es sind Tastaturen\u00a0aus Plastik oder Holz auf dem Markt und\u00a0sogar Hybriden mit einer richtigen Klavier oder Fl\u00fcgelmechanik f\u00fcr ein Optimum an Spielgef\u00fchl. Um das passende Instrument f\u00fcr Sie zu finden, stehen in unserer grossz\u00fcgigen Ausstellung viele unterschiedliche Modelle.<\/p>\n<p>Ob Kauf oder Miete es ist alles m\u00f6glich, schauen Sie doch unverbindlich bei uns vorbei.<\/p>\n<p>Unsere Marken:<\/p>\n<ul>\n<li><a href=\"https:\/\/ch.yamaha.com\/de\/products\/musical_instruments\/pianos\/clavinova\/index.html\">Yamaha<\/a><\/li>\n<li><a href=\"http:\/\/www.kawai.de\/products\/digitalpianos\/\">Kawai<\/a><\/li>\n<li><a href=\"http:\/\/www.rolandmusik.ch\/categories.asp?cID=10\">Roland<\/a><\/li>\n<li><a href=\"http:\/\/www.korg.com\/de\/products\/digitalpianos\/\">Korg<\/a><\/li>\n<\/ul>\n<p>&nbsp;<\/p>\n<p><a href=\"http:\/\/www.musikhaus-ammann.ch\/wp\/wp-content\/uploads\/2017\/04\/00-1-Clavinova-Top-Carrousel_1200x480_13aa97002669ab9a71c37a4f3924a032.jpg\"><img loading=\"lazy\" decoding=\"async\" class=\"alignright wp-image-209\" src=\"http:\/\/www.musikhaus-ammann.ch\/wp\/wp-content\/uploads\/2017\/04\/00-1-Clavinova-Top-Carrousel_1200x480_13aa97002669ab9a71c37a4f3924a032-300x120.jpg\" alt=\"\" width=\"913\" height=\"365\" srcset=\"http:\/\/www.musikhaus-ammann.ch\/wp\/wp-content\/uploads\/2017\/04\/00-1-Clavinova-Top-Carrousel_1200x480_13aa97002669ab9a71c37a4f3924a032-300x120.jpg 300w, http:\/\/www.musikhaus-ammann.ch\/wp\/wp-content\/uploads\/2017\/04\/00-1-Clavinova-Top-Carrousel_1200x480_13aa97002669ab9a71c37a4f3924a032-600x240.jpg 600w, http:\/\/www.musikhaus-ammann.ch\/wp\/wp-content\/uploads\/2017\/04\/00-1-Clavinova-Top-Carrousel_1200x480_13aa97002669ab9a71c37a4f3924a032-768x307.jpg 768w, http:\/\/www.musikhaus-ammann.ch\/wp\/wp-content\/uploads\/2017\/04\/00-1-Clavinova-Top-Carrousel_1200x480_13aa97002669ab9a71c37a4f3924a032-1024x410.jpg 1024w, http:\/\/www.musikhaus-ammann.ch\/wp\/wp-content\/uploads\/2017\/04\/00-1-Clavinova-Top-Carrousel_1200x480_13aa97002669ab9a71c37a4f3924a032.jpg 1200w\" sizes=\"auto, (max-width: 913px) 100vw, 913px\" \/><\/a><\/p>\n","protected":false},"excerpt":{"rendered":"<p>Sie w\u00fcrden gerne mit dem Klavierspielen beginnen, m\u00f6chten aber kein Klavier sondern ein Digitalpiano?\u00a0Bei uns finden Sie eine grosse Auswahl [&hellip;]<\/p>\n","protected":false},"author":1,"featured_media":0,"parent":55,"menu_order":0,"comment_status":"closed","ping_status":"closed","template":"","meta":{"footnotes":""},"class_list":["post-60","page","type-page","status-publish","hentry"],"_links":{"self":[{"href":"http:\/\/www.musikhaus-ammann.ch\/index.php?rest_route=\/wp\/v2\/pages\/60","targetHints":{"allow":["GET"]}}],"collection":[{"href":"http:\/\/www.musikhaus-ammann.ch\/index.php?rest_route=\/wp\/v2\/pages"}],"about":[{"href":"http:\/\/www.musikhaus-ammann.ch\/index.php?rest_route=\/wp\/v2\/types\/page"}],"author":[{"embeddable":true,"href":"http:\/\/www.musikhaus-ammann.ch\/index.php?rest_route=\/wp\/v2\/users\/1"}],"replies":[{"embeddable":true,"href":"http:\/\/www.musikhaus-ammann.ch\/index.php?rest_route=%2Fwp%2Fv2%2Fcomments&post=60"}],"version-history":[{"count":8,"href":"http:\/\/www.musikhaus-ammann.ch\/index.php?rest_route=\/wp\/v2\/pages\/60\/revisions"}],"predecessor-version":[{"id":328,"href":"http:\/\/www.musikhaus-ammann.ch\/index.php?rest_route=\/wp\/v2\/pages\/60\/revisions\/328"}],"up":[{"embeddable":true,"href":"http:\/\/www.musikhaus-ammann.ch\/index.php?rest_route=\/wp\/v2\/pages\/55"}],"wp:attachment":[{"href":"http:\/\/www.musikhaus-ammann.ch\/index.php?rest_route=%2Fwp%2Fv2%2Fmedia&parent=60"}],"curies":[{"name":"wp","href":"https:\/\/api.w.org\/{rel}","templated":true}]}}