{"id":58,"date":"2017-04-08T09:14:31","date_gmt":"2017-04-08T09:14:31","guid":{"rendered":"http:\/\/www.musikhaus-ammann.ch\/wp\/?page_id=58"},"modified":"2017-04-27T12:34:13","modified_gmt":"2017-04-27T12:34:13","slug":"fluegel","status":"publish","type":"page","link":"http:\/\/www.musikhaus-ammann.ch\/?page_id=58","title":{"rendered":"Fl\u00fcgel"},"content":{"rendered":"<p>Das Musik-und Pianohaus Ammann befl\u00fcgelt Sie nicht nur durch <a href=\"http:\/\/www.musikhaus-ammann.ch\/wp\/wp-content\/uploads\/2017\/04\/DSC_0067.jpg\"><img loading=\"lazy\" decoding=\"async\" class=\"alignright wp-image-161\" src=\"http:\/\/www.musikhaus-ammann.ch\/wp\/wp-content\/uploads\/2017\/04\/DSC_0067-300x201.jpg\" alt=\"\" width=\"517\" height=\"346\" srcset=\"http:\/\/www.musikhaus-ammann.ch\/wp\/wp-content\/uploads\/2017\/04\/DSC_0067-300x201.jpg 300w, http:\/\/www.musikhaus-ammann.ch\/wp\/wp-content\/uploads\/2017\/04\/DSC_0067-600x400.jpg 600w, http:\/\/www.musikhaus-ammann.ch\/wp\/wp-content\/uploads\/2017\/04\/DSC_0067-768x514.jpg 768w, http:\/\/www.musikhaus-ammann.ch\/wp\/wp-content\/uploads\/2017\/04\/DSC_0067-1024x685.jpg 1024w\" sizes=\"auto, (max-width: 517px) 100vw, 517px\" \/><\/a>unsere zuvorkommende Art, sondern auch durch das grossz\u00fcgige Angebot. In unserem separaten Fl\u00fcgel Saal, stehen immer min.35 Fl\u00fcgel spielbereit f\u00fcr Sie.<\/p>\n<p>Yamaha, Bechstein, Steingr\u00e4ber und Seiler sind grossz\u00fcgig in der Ausstellung vertreten und\u00a0diversen andere Marken.<\/p>\n<p>(f\u00fcr Produktansicht unten anklicken)<\/p>\n<ul>\n<li><strong><a href=\"https:\/\/ch.yamaha.com\/de\/products\/musical_instruments\/pianos\/index.html\">Yamaha<\/a><\/strong><\/li>\n<li><strong><a href=\"http:\/\/www.steingraeber.de\/deutsch\/instrumente_673.html\">Steingr\u00e4ber&amp;S\u00f6hne<\/a><\/strong><\/li>\n<li><strong><a href=\"http:\/\/www.bechstein.com\/fluegel-klaviere\/\">Bechstein<\/a><\/strong><\/li>\n<li><strong><a href=\"http:\/\/www.seiler-pianos.de\/en\/grand-pianos\/\">Seile<\/a>r<\/strong><a href=\"http:\/\/www.musikhaus-ammann.ch\/wp\/wp-content\/uploads\/2017\/04\/DSC_0068.jpg\"><img loading=\"lazy\" decoding=\"async\" class=\"alignright wp-image-162\" src=\"http:\/\/www.musikhaus-ammann.ch\/wp\/wp-content\/uploads\/2017\/04\/DSC_0068-300x201.jpg\" alt=\"\" width=\"515\" height=\"345\" srcset=\"http:\/\/www.musikhaus-ammann.ch\/wp\/wp-content\/uploads\/2017\/04\/DSC_0068-300x201.jpg 300w, http:\/\/www.musikhaus-ammann.ch\/wp\/wp-content\/uploads\/2017\/04\/DSC_0068-600x402.jpg 600w, http:\/\/www.musikhaus-ammann.ch\/wp\/wp-content\/uploads\/2017\/04\/DSC_0068-768x514.jpg 768w, http:\/\/www.musikhaus-ammann.ch\/wp\/wp-content\/uploads\/2017\/04\/DSC_0068-1024x685.jpg 1024w\" sizes=\"auto, (max-width: 515px) 100vw, 515px\" \/><\/a><\/li>\n<\/ul>\n<p>&nbsp;<\/p>\n<p>&nbsp;<\/p>\n<p>&nbsp;<\/p>\n<p><a href=\"http:\/\/www.musikhaus-ammann.ch\/wp\/wp-content\/uploads\/2017\/04\/DSC_0069.jpg\"><img loading=\"lazy\" decoding=\"async\" class=\"alignright wp-image-163\" src=\"http:\/\/www.musikhaus-ammann.ch\/wp\/wp-content\/uploads\/2017\/04\/DSC_0069-300x201.jpg\" alt=\"\" width=\"514\" height=\"344\" srcset=\"http:\/\/www.musikhaus-ammann.ch\/wp\/wp-content\/uploads\/2017\/04\/DSC_0069-300x201.jpg 300w, http:\/\/www.musikhaus-ammann.ch\/wp\/wp-content\/uploads\/2017\/04\/DSC_0069-600x400.jpg 600w, http:\/\/www.musikhaus-ammann.ch\/wp\/wp-content\/uploads\/2017\/04\/DSC_0069-768x514.jpg 768w, http:\/\/www.musikhaus-ammann.ch\/wp\/wp-content\/uploads\/2017\/04\/DSC_0069-1024x685.jpg 1024w\" sizes=\"auto, (max-width: 514px) 100vw, 514px\" \/><\/a><\/p>\n","protected":false},"excerpt":{"rendered":"<p>Das Musik-und Pianohaus Ammann befl\u00fcgelt Sie nicht nur durch unsere zuvorkommende Art, sondern auch durch das grossz\u00fcgige Angebot. In unserem [&hellip;]<\/p>\n","protected":false},"author":1,"featured_media":161,"parent":55,"menu_order":0,"comment_status":"closed","ping_status":"closed","template":"page-templates\/fullwidth-template.php","meta":{"footnotes":""},"class_list":["post-58","page","type-page","status-publish","has-post-thumbnail","hentry"],"_links":{"self":[{"href":"http:\/\/www.musikhaus-ammann.ch\/index.php?rest_route=\/wp\/v2\/pages\/58","targetHints":{"allow":["GET"]}}],"collection":[{"href":"http:\/\/www.musikhaus-ammann.ch\/index.php?rest_route=\/wp\/v2\/pages"}],"about":[{"href":"http:\/\/www.musikhaus-ammann.ch\/index.php?rest_route=\/wp\/v2\/types\/page"}],"author":[{"embeddable":true,"href":"http:\/\/www.musikhaus-ammann.ch\/index.php?rest_route=\/wp\/v2\/users\/1"}],"replies":[{"embeddable":true,"href":"http:\/\/www.musikhaus-ammann.ch\/index.php?rest_route=%2Fwp%2Fv2%2Fcomments&post=58"}],"version-history":[{"count":15,"href":"http:\/\/www.musikhaus-ammann.ch\/index.php?rest_route=\/wp\/v2\/pages\/58\/revisions"}],"predecessor-version":[{"id":313,"href":"http:\/\/www.musikhaus-ammann.ch\/index.php?rest_route=\/wp\/v2\/pages\/58\/revisions\/313"}],"up":[{"embeddable":true,"href":"http:\/\/www.musikhaus-ammann.ch\/index.php?rest_route=\/wp\/v2\/pages\/55"}],"wp:featuredmedia":[{"embeddable":true,"href":"http:\/\/www.musikhaus-ammann.ch\/index.php?rest_route=\/wp\/v2\/media\/161"}],"wp:attachment":[{"href":"http:\/\/www.musikhaus-ammann.ch\/index.php?rest_route=%2Fwp%2Fv2%2Fmedia&parent=58"}],"curies":[{"name":"wp","href":"https:\/\/api.w.org\/{rel}","templated":true}]}}