{"id":55,"date":"2017-04-08T09:08:20","date_gmt":"2017-04-08T09:08:20","guid":{"rendered":"http:\/\/www.musikhaus-ammann.ch\/wp\/?page_id=55"},"modified":"2017-04-28T18:58:07","modified_gmt":"2017-04-28T18:58:07","slug":"instrumente-2","status":"publish","type":"page","link":"http:\/\/www.musikhaus-ammann.ch\/?page_id=55","title":{"rendered":"Tasteninstrumente"},"content":{"rendered":"<p>Das Musik-und Pianohaus Ammann ist spezialisiert auf Tasteninstrumente, besonders auf Klaviere, Fl\u00fcgel und Digitalpianos.<\/p>\n<p>Die grossz\u00fcgige Ausstellungsfl\u00e4che, mit etlichen bekannten Marken wurde mit viel Liebe gestaltet.\u00a0Es stehen\u00a0\u00fcber 130 Klaviere, min. 35 Fl\u00fcgel, diverse Digitalpianos und Keyboards in unserer Ausstellung f\u00fcr Sie spielbereit. Neben neuen Instrumenten sind auch immer wieder gute Occasionen bei uns zu finden. Vom Fl\u00fcgel bis zum Keyboard.<\/p>\n<p>Wir freuen uns auf Ihren Besuch<\/p>\n","protected":false},"excerpt":{"rendered":"<p>Das Musik-und Pianohaus Ammann ist spezialisiert auf Tasteninstrumente, besonders auf Klaviere, Fl\u00fcgel und Digitalpianos. Die grossz\u00fcgige Ausstellungsfl\u00e4che, mit etlichen bekannten [&hellip;]<\/p>\n","protected":false},"author":1,"featured_media":0,"parent":70,"menu_order":0,"comment_status":"closed","ping_status":"closed","template":"","meta":{"footnotes":""},"class_list":["post-55","page","type-page","status-publish","hentry"],"_links":{"self":[{"href":"http:\/\/www.musikhaus-ammann.ch\/index.php?rest_route=\/wp\/v2\/pages\/55","targetHints":{"allow":["GET"]}}],"collection":[{"href":"http:\/\/www.musikhaus-ammann.ch\/index.php?rest_route=\/wp\/v2\/pages"}],"about":[{"href":"http:\/\/www.musikhaus-ammann.ch\/index.php?rest_route=\/wp\/v2\/types\/page"}],"author":[{"embeddable":true,"href":"http:\/\/www.musikhaus-ammann.ch\/index.php?rest_route=\/wp\/v2\/users\/1"}],"replies":[{"embeddable":true,"href":"http:\/\/www.musikhaus-ammann.ch\/index.php?rest_route=%2Fwp%2Fv2%2Fcomments&post=55"}],"version-history":[{"count":6,"href":"http:\/\/www.musikhaus-ammann.ch\/index.php?rest_route=\/wp\/v2\/pages\/55\/revisions"}],"predecessor-version":[{"id":309,"href":"http:\/\/www.musikhaus-ammann.ch\/index.php?rest_route=\/wp\/v2\/pages\/55\/revisions\/309"}],"up":[{"embeddable":true,"href":"http:\/\/www.musikhaus-ammann.ch\/index.php?rest_route=\/wp\/v2\/pages\/70"}],"wp:attachment":[{"href":"http:\/\/www.musikhaus-ammann.ch\/index.php?rest_route=%2Fwp%2Fv2%2Fmedia&parent=55"}],"curies":[{"name":"wp","href":"https:\/\/api.w.org\/{rel}","templated":true}]}}