{"id":370,"date":"2017-04-28T09:01:14","date_gmt":"2017-04-28T09:01:14","guid":{"rendered":"http:\/\/www.musikhaus-ammann.ch\/wp\/?page_id=370"},"modified":"2025-05-15T07:54:21","modified_gmt":"2025-05-15T07:54:21","slug":"agb","status":"publish","type":"page","link":"http:\/\/www.musikhaus-ammann.ch\/?page_id=370","title":{"rendered":"AGB"},"content":{"rendered":"<p><span style=\"color: #000000;\"><strong>Datenschutz<\/strong><\/span><\/p>\n<p><span style=\"color: #000000;\">Die von Musikhaus\u00a0<\/span><span style=\"color: #000000;\"> Ammann AG gef\u00fchrte Datenbank wird nicht an Dritte weitergeleitet und nur f\u00fcr interne Auswertung verwendet. Wir behandeln Ihre Daten vertraulich!<\/span><\/p>\n<p><span style=\"color: #000000;\"><strong>Garantie<\/strong><\/span><\/p>\n<p><span style=\"color: #000000;\">Wir sind bem\u00fcht, nur qualitativ hochstehende Produkte anzubieten. Dennoch kann ein Materialfehler oder Mangel nicht ausgeschlossen werden. Wenn nichts anderes angegeben ist, handelt es sich bei der Garantiebestimmungen um eine sogenannte &#8218;bring-in&#8216; Garantie. Dies bedeutet:<\/span><\/p>\n<ul>\n<li><span style=\"color: #000000;\">Die Garantie deckt die Kosten der Reparatur in der Servicestelle ab.<\/span><\/li>\n<li><span style=\"color: #000000;\">Die Versandkosten f\u00fcr das Einsenden des Ger\u00e4ts an die Servicestelle geht zulasten des K\u00e4ufers.<\/span><\/li>\n<\/ul>\n<p><span style=\"color: #000000;\"><strong>Umtausch<\/strong><\/span><\/p>\n<p><span style=\"color: #000000;\">Es werden nur unbenutzte Produkte in Originalverpackung umgetauscht.<\/span><\/p>\n<p><span style=\"color: #000000;\"><strong>Reklamationen<\/strong><\/span><\/p>\n<p><span style=\"color: #000000;\">Bitte kontaktieren Sie uns per Mail oder Telefon.<\/span><\/p>\n<p><span style=\"color: #000000;\"><strong>Preise<\/strong><\/span><\/p>\n<p><span style=\"color: #000000;\">Alle Preise und Nebenkosten werden gem\u00e4ss der zur Zeit der Lieferung g\u00fcltigen Preisliste berechnet. Die Preise stehen unter Vorbehalt, dass keine Druck-oder Satzfehler vorliegen. Die Preise sind in Schweizer Franken inkl. 8.1 % MwSt.<\/span><\/p>\n<p><span style=\"color: #000000;\"><strong>Eigentumsvorbehalt<\/strong><\/span><\/p>\n<p><span style=\"color: #000000;\">Die gelieferten Waren bleiben bis zur vollst\u00e4ndigen Bezahlung im Eigentum von Musik-und Pianohaus Ammann.<\/span><\/p>\n<p><span style=\"color: #000000;\"><strong>Rechte<\/strong><\/span><\/p>\n<p><span style=\"color: #000000;\">Unsere Gesch\u00e4ftst\u00e4tigkeit basiert ausschliesslich auf schweizerischem Recht. Erf\u00fcllungsort und Gerichtsstand ist 8157 Dielsdorf. Mit ihrer Bestellung gehen sie diesen Vertag ein.<\/span><\/p>\n<p><span style=\"color: #000000;\"><strong>Steuernummer<\/strong><\/span><\/p>\n<p><span style=\"color: #000000;\">CHE-481.755.707 MwSt<\/span><\/p>\n","protected":false},"excerpt":{"rendered":"<p>Datenschutz Die von Musikhaus\u00a0 Ammann AG gef\u00fchrte Datenbank wird nicht an Dritte weitergeleitet und nur f\u00fcr interne Auswertung verwendet. Wir [&hellip;]<\/p>\n","protected":false},"author":1,"featured_media":0,"parent":4,"menu_order":0,"comment_status":"closed","ping_status":"closed","template":"","meta":{"footnotes":""},"class_list":["post-370","page","type-page","status-publish","hentry"],"_links":{"self":[{"href":"http:\/\/www.musikhaus-ammann.ch\/index.php?rest_route=\/wp\/v2\/pages\/370","targetHints":{"allow":["GET"]}}],"collection":[{"href":"http:\/\/www.musikhaus-ammann.ch\/index.php?rest_route=\/wp\/v2\/pages"}],"about":[{"href":"http:\/\/www.musikhaus-ammann.ch\/index.php?rest_route=\/wp\/v2\/types\/page"}],"author":[{"embeddable":true,"href":"http:\/\/www.musikhaus-ammann.ch\/index.php?rest_route=\/wp\/v2\/users\/1"}],"replies":[{"embeddable":true,"href":"http:\/\/www.musikhaus-ammann.ch\/index.php?rest_route=%2Fwp%2Fv2%2Fcomments&post=370"}],"version-history":[{"count":5,"href":"http:\/\/www.musikhaus-ammann.ch\/index.php?rest_route=\/wp\/v2\/pages\/370\/revisions"}],"predecessor-version":[{"id":921,"href":"http:\/\/www.musikhaus-ammann.ch\/index.php?rest_route=\/wp\/v2\/pages\/370\/revisions\/921"}],"up":[{"embeddable":true,"href":"http:\/\/www.musikhaus-ammann.ch\/index.php?rest_route=\/wp\/v2\/pages\/4"}],"wp:attachment":[{"href":"http:\/\/www.musikhaus-ammann.ch\/index.php?rest_route=%2Fwp%2Fv2%2Fmedia&parent=370"}],"curies":[{"name":"wp","href":"https:\/\/api.w.org\/{rel}","templated":true}]}}