{"id":347,"date":"2017-04-27T15:53:24","date_gmt":"2017-04-27T15:53:24","guid":{"rendered":"http:\/\/www.musikhaus-ammann.ch\/wp\/?page_id=347"},"modified":"2022-10-20T09:33:45","modified_gmt":"2022-10-20T09:33:45","slug":"events-und-partys","status":"publish","type":"page","link":"http:\/\/www.musikhaus-ammann.ch\/?page_id=347","title":{"rendered":"Events und Partys"},"content":{"rendered":"<p><span style=\"color: #000000;\">Sie f\u00fchren einen Event durch und brauchen noch Mikrophone oder das passende PA System? Gerne beraten wir Sie und suchen gemeinsam die perfekte L\u00f6sung. Egal ob Sie an Ihrer Geburtstagsfeier mit 1500 Watt Boxen so richtig gas geben m\u00f6chten oder eifach ein portables Digitalpiano suchen um an Weihnachten ein St\u00fcck zu spielen. Es wurde schon immer das richtige f\u00fcr unsere Kundschaft gefunden und sind deshalb auch bem\u00fcht dies in Zukunft f\u00fcr Sie zu tun.<\/span><\/p>\n","protected":false},"excerpt":{"rendered":"<p>Sie f\u00fchren einen Event durch und brauchen noch Mikrophone oder das passende PA System? Gerne beraten wir Sie und suchen [&hellip;]<\/p>\n","protected":false},"author":1,"featured_media":0,"parent":17,"menu_order":0,"comment_status":"closed","ping_status":"closed","template":"","meta":{"footnotes":""},"class_list":["post-347","page","type-page","status-publish","hentry"],"_links":{"self":[{"href":"http:\/\/www.musikhaus-ammann.ch\/index.php?rest_route=\/wp\/v2\/pages\/347","targetHints":{"allow":["GET"]}}],"collection":[{"href":"http:\/\/www.musikhaus-ammann.ch\/index.php?rest_route=\/wp\/v2\/pages"}],"about":[{"href":"http:\/\/www.musikhaus-ammann.ch\/index.php?rest_route=\/wp\/v2\/types\/page"}],"author":[{"embeddable":true,"href":"http:\/\/www.musikhaus-ammann.ch\/index.php?rest_route=\/wp\/v2\/users\/1"}],"replies":[{"embeddable":true,"href":"http:\/\/www.musikhaus-ammann.ch\/index.php?rest_route=%2Fwp%2Fv2%2Fcomments&post=347"}],"version-history":[{"count":3,"href":"http:\/\/www.musikhaus-ammann.ch\/index.php?rest_route=\/wp\/v2\/pages\/347\/revisions"}],"predecessor-version":[{"id":810,"href":"http:\/\/www.musikhaus-ammann.ch\/index.php?rest_route=\/wp\/v2\/pages\/347\/revisions\/810"}],"up":[{"embeddable":true,"href":"http:\/\/www.musikhaus-ammann.ch\/index.php?rest_route=\/wp\/v2\/pages\/17"}],"wp:attachment":[{"href":"http:\/\/www.musikhaus-ammann.ch\/index.php?rest_route=%2Fwp%2Fv2%2Fmedia&parent=347"}],"curies":[{"name":"wp","href":"https:\/\/api.w.org\/{rel}","templated":true}]}}