{"id":252,"date":"2017-04-26T07:47:42","date_gmt":"2017-04-26T07:47:42","guid":{"rendered":"http:\/\/www.musikhaus-ammann.ch\/wp\/?page_id=252"},"modified":"2017-04-27T12:56:43","modified_gmt":"2017-04-27T12:56:43","slug":"mikrophone","status":"publish","type":"page","link":"http:\/\/www.musikhaus-ammann.ch\/?page_id=252","title":{"rendered":"Mikrophone"},"content":{"rendered":"<p>Sie m\u00f6chten schon lange Ihr eigenes kleines Aufnahmestudio f\u00fcr Zuhause haben, oder sind Sie auf der Suche nach dem Richtigen B\u00fchnenmikrophon? Ob f\u00fcr den Einstieg oder den Professionellen Einsatz, bei uns finden Sie das richtige.<\/p>\n<ul>\n<li><a href=\"http:\/\/de-ch.sennheiser.com\/mikrofone\">Sennheiser<\/a><\/li>\n<li><a href=\"http:\/\/www.shure.com\">Shure<\/a><\/li>\n<li><a href=\"http:\/\/line6.com\/interfaces\/\">Line6<\/a><\/li>\n<li><a href=\"https:\/\/global.focusrite.com\/products\">Focus Ride<\/a><\/li>\n<li>Andere<\/li>\n<\/ul>\n<p>&nbsp;<\/p>\n<p><a href=\"http:\/\/www.musikhaus-ammann.ch\/wp\/wp-content\/uploads\/2017\/04\/7-Mic-Tips-Tricks-to-Improve-Vocals.jpg\"><img loading=\"lazy\" decoding=\"async\" class=\"alignright wp-image-275\" src=\"http:\/\/www.musikhaus-ammann.ch\/wp\/wp-content\/uploads\/2017\/04\/7-Mic-Tips-Tricks-to-Improve-Vocals-300x138.jpg\" alt=\"\" width=\"930\" height=\"428\" srcset=\"http:\/\/www.musikhaus-ammann.ch\/wp\/wp-content\/uploads\/2017\/04\/7-Mic-Tips-Tricks-to-Improve-Vocals-300x138.jpg 300w, http:\/\/www.musikhaus-ammann.ch\/wp\/wp-content\/uploads\/2017\/04\/7-Mic-Tips-Tricks-to-Improve-Vocals-600x276.jpg 600w, http:\/\/www.musikhaus-ammann.ch\/wp\/wp-content\/uploads\/2017\/04\/7-Mic-Tips-Tricks-to-Improve-Vocals.jpg 760w\" sizes=\"auto, (max-width: 930px) 100vw, 930px\" \/><\/a><\/p>\n<p>&nbsp;<\/p>\n<p>&nbsp;<\/p>\n<p>&nbsp;<\/p>\n","protected":false},"excerpt":{"rendered":"<p>Sie m\u00f6chten schon lange Ihr eigenes kleines Aufnahmestudio f\u00fcr Zuhause haben, oder sind Sie auf der Suche nach dem Richtigen [&hellip;]<\/p>\n","protected":false},"author":1,"featured_media":0,"parent":70,"menu_order":0,"comment_status":"closed","ping_status":"closed","template":"","meta":{"footnotes":""},"class_list":["post-252","page","type-page","status-publish","hentry"],"_links":{"self":[{"href":"http:\/\/www.musikhaus-ammann.ch\/index.php?rest_route=\/wp\/v2\/pages\/252","targetHints":{"allow":["GET"]}}],"collection":[{"href":"http:\/\/www.musikhaus-ammann.ch\/index.php?rest_route=\/wp\/v2\/pages"}],"about":[{"href":"http:\/\/www.musikhaus-ammann.ch\/index.php?rest_route=\/wp\/v2\/types\/page"}],"author":[{"embeddable":true,"href":"http:\/\/www.musikhaus-ammann.ch\/index.php?rest_route=\/wp\/v2\/users\/1"}],"replies":[{"embeddable":true,"href":"http:\/\/www.musikhaus-ammann.ch\/index.php?rest_route=%2Fwp%2Fv2%2Fcomments&post=252"}],"version-history":[{"count":7,"href":"http:\/\/www.musikhaus-ammann.ch\/index.php?rest_route=\/wp\/v2\/pages\/252\/revisions"}],"predecessor-version":[{"id":319,"href":"http:\/\/www.musikhaus-ammann.ch\/index.php?rest_route=\/wp\/v2\/pages\/252\/revisions\/319"}],"up":[{"embeddable":true,"href":"http:\/\/www.musikhaus-ammann.ch\/index.php?rest_route=\/wp\/v2\/pages\/70"}],"wp:attachment":[{"href":"http:\/\/www.musikhaus-ammann.ch\/index.php?rest_route=%2Fwp%2Fv2%2Fmedia&parent=252"}],"curies":[{"name":"wp","href":"https:\/\/api.w.org\/{rel}","templated":true}]}}