{"id":197,"date":"2017-04-11T16:10:09","date_gmt":"2017-04-11T16:10:09","guid":{"rendered":"http:\/\/www.musikhaus-ammann.ch\/wp\/?page_id=197"},"modified":"2017-04-27T11:37:23","modified_gmt":"2017-04-27T11:37:23","slug":"verstaerkeramps","status":"publish","type":"page","link":"http:\/\/www.musikhaus-ammann.ch\/?page_id=197","title":{"rendered":"Verst\u00e4rker\/Amps"},"content":{"rendered":"<p>F\u00fcr den fetten Gitarrensound ist auch gesorgt, in der grossen AMP Ausstellung k\u00f6nnen sie vom kleinen Verst\u00e4rker bis zum grossen Marshall Cabinet alles anspielen. Nehmen Sie sich ein wenig Zeit und schauen Sie vorbei.<\/p>\n<ul>\n<li><a href=\"http:\/\/www.voxamps.com\">VOX<\/a><\/li>\n<li><a href=\"https:\/\/marshallamps.com\">Marshall<\/a><\/li>\n<li><a href=\"https:\/\/ch.yamaha.com\/de\/products\/musical_instruments\/guitars_basses\/amps_accessories\/index.html\">Yamaha<\/a><\/li>\n<li><a href=\"http:\/\/line6.com\/amps\/\">Line6<\/a><\/li>\n<li><a href=\"http:\/\/www.rolandmusik.ch\/categories.asp?cID=56\">Roland<\/a><\/li>\n<li><a href=\"http:\/\/hiwatt.com\">HI Watt<\/a><\/li>\n<li>Andere<\/li>\n<\/ul>\n","protected":false},"excerpt":{"rendered":"<p>F\u00fcr den fetten Gitarrensound ist auch gesorgt, in der grossen AMP Ausstellung k\u00f6nnen sie vom kleinen Verst\u00e4rker bis zum grossen [&hellip;]<\/p>\n","protected":false},"author":1,"featured_media":0,"parent":70,"menu_order":0,"comment_status":"closed","ping_status":"closed","template":"","meta":{"footnotes":""},"class_list":["post-197","page","type-page","status-publish","hentry"],"_links":{"self":[{"href":"http:\/\/www.musikhaus-ammann.ch\/index.php?rest_route=\/wp\/v2\/pages\/197","targetHints":{"allow":["GET"]}}],"collection":[{"href":"http:\/\/www.musikhaus-ammann.ch\/index.php?rest_route=\/wp\/v2\/pages"}],"about":[{"href":"http:\/\/www.musikhaus-ammann.ch\/index.php?rest_route=\/wp\/v2\/types\/page"}],"author":[{"embeddable":true,"href":"http:\/\/www.musikhaus-ammann.ch\/index.php?rest_route=\/wp\/v2\/users\/1"}],"replies":[{"embeddable":true,"href":"http:\/\/www.musikhaus-ammann.ch\/index.php?rest_route=%2Fwp%2Fv2%2Fcomments&post=197"}],"version-history":[{"count":4,"href":"http:\/\/www.musikhaus-ammann.ch\/index.php?rest_route=\/wp\/v2\/pages\/197\/revisions"}],"predecessor-version":[{"id":299,"href":"http:\/\/www.musikhaus-ammann.ch\/index.php?rest_route=\/wp\/v2\/pages\/197\/revisions\/299"}],"up":[{"embeddable":true,"href":"http:\/\/www.musikhaus-ammann.ch\/index.php?rest_route=\/wp\/v2\/pages\/70"}],"wp:attachment":[{"href":"http:\/\/www.musikhaus-ammann.ch\/index.php?rest_route=%2Fwp%2Fv2%2Fmedia&parent=197"}],"curies":[{"name":"wp","href":"https:\/\/api.w.org\/{rel}","templated":true}]}}