{"id":193,"date":"2017-04-11T16:08:43","date_gmt":"2017-04-11T16:08:43","guid":{"rendered":"http:\/\/www.musikhaus-ammann.ch\/wp\/?page_id=193"},"modified":"2017-04-27T15:12:20","modified_gmt":"2017-04-27T15:12:20","slug":"percussion","status":"publish","type":"page","link":"http:\/\/www.musikhaus-ammann.ch\/?page_id=193","title":{"rendered":"Percussion"},"content":{"rendered":"<p>F\u00fcr den richtigen Rhythmus in Ihrem Blut ist bei uns gesorgt.\u00a0Wir haben diverse Percussion bei uns ausgestellt um Schwung in Ihr Leben zu bringen.\u00a0Von Cymbals bis zu Schlagh\u00f6lzer ist alles vorhanden, und sollte was fehlen, sind wir stets bem\u00fcht Ihnen das in k\u00fcrzester Zeit zu besorgen.<\/p>\n<p><a href=\"http:\/\/www.musikhaus-ammann.ch\/wp\/wp-content\/uploads\/2017\/04\/percussion.jpg\"><img loading=\"lazy\" decoding=\"async\" class=\"alignright wp-image-330\" src=\"http:\/\/www.musikhaus-ammann.ch\/wp\/wp-content\/uploads\/2017\/04\/percussion-300x153.jpg\" alt=\"\" width=\"914\" height=\"466\" srcset=\"http:\/\/www.musikhaus-ammann.ch\/wp\/wp-content\/uploads\/2017\/04\/percussion-300x153.jpg 300w, http:\/\/www.musikhaus-ammann.ch\/wp\/wp-content\/uploads\/2017\/04\/percussion-600x305.jpg 600w, http:\/\/www.musikhaus-ammann.ch\/wp\/wp-content\/uploads\/2017\/04\/percussion.jpg 688w\" sizes=\"auto, (max-width: 914px) 100vw, 914px\" \/><\/a><\/p>\n","protected":false},"excerpt":{"rendered":"<p>F\u00fcr den richtigen Rhythmus in Ihrem Blut ist bei uns gesorgt.\u00a0Wir haben diverse Percussion bei uns ausgestellt um Schwung in [&hellip;]<\/p>\n","protected":false},"author":1,"featured_media":0,"parent":70,"menu_order":0,"comment_status":"closed","ping_status":"closed","template":"","meta":{"footnotes":""},"class_list":["post-193","page","type-page","status-publish","hentry"],"_links":{"self":[{"href":"http:\/\/www.musikhaus-ammann.ch\/index.php?rest_route=\/wp\/v2\/pages\/193","targetHints":{"allow":["GET"]}}],"collection":[{"href":"http:\/\/www.musikhaus-ammann.ch\/index.php?rest_route=\/wp\/v2\/pages"}],"about":[{"href":"http:\/\/www.musikhaus-ammann.ch\/index.php?rest_route=\/wp\/v2\/types\/page"}],"author":[{"embeddable":true,"href":"http:\/\/www.musikhaus-ammann.ch\/index.php?rest_route=\/wp\/v2\/users\/1"}],"replies":[{"embeddable":true,"href":"http:\/\/www.musikhaus-ammann.ch\/index.php?rest_route=%2Fwp%2Fv2%2Fcomments&post=193"}],"version-history":[{"count":4,"href":"http:\/\/www.musikhaus-ammann.ch\/index.php?rest_route=\/wp\/v2\/pages\/193\/revisions"}],"predecessor-version":[{"id":332,"href":"http:\/\/www.musikhaus-ammann.ch\/index.php?rest_route=\/wp\/v2\/pages\/193\/revisions\/332"}],"up":[{"embeddable":true,"href":"http:\/\/www.musikhaus-ammann.ch\/index.php?rest_route=\/wp\/v2\/pages\/70"}],"wp:attachment":[{"href":"http:\/\/www.musikhaus-ammann.ch\/index.php?rest_route=%2Fwp%2Fv2%2Fmedia&parent=193"}],"curies":[{"name":"wp","href":"https:\/\/api.w.org\/{rel}","templated":true}]}}