{"id":188,"date":"2017-04-11T16:06:22","date_gmt":"2017-04-11T16:06:22","guid":{"rendered":"http:\/\/www.musikhaus-ammann.ch\/wp\/?page_id=188"},"modified":"2017-04-27T13:00:11","modified_gmt":"2017-04-27T13:00:11","slug":"e-gitarren","status":"publish","type":"page","link":"http:\/\/www.musikhaus-ammann.ch\/?page_id=188","title":{"rendered":"Gitarren"},"content":{"rendered":"<p>Sind Sie auf der Suche nach einer neuen Ukulele, Gitarre oder Bass?\u00a0In unserem separaten Gitarrenraum sind diverse Markennamen vertreten. Ob es nun eine Ukulele oder Gitarre sein soll, es ist von allem etwas da. F\u00fcr den Einsteiger oder auch den ambitionierten Spieler, wir bem\u00fchen uns allen gerecht zu werden. Die E-Gitarren k\u00f6nnen auch gleich in der grossen Amp Ausstellung angespielt\u00a0werden.\u00a0Es versteht sich nat\u00fcrlich von selbst, dass wir Ihnen in Punkto Zubeh\u00f6r auch alles bieten. Es sind Effektger\u00e4te, Saiten, Ersatzteile, Gurte und vieles mehr vorhanden. Wenn ein spezieller Wunsch ge\u00e4ussert wird, werden wir auch diesen gerne f\u00fcr Sie erf\u00fcllen.<\/p>\n<p>Kommen Sie doch einfach vorbei, wir freuen uns auf Ihren Besuch.<\/p>\n<p><strong>Klassische\u00a0Gitarre<\/strong><\/p>\n<ul>\n<li>Aria<\/li>\n<li>Yamaha<\/li>\n<li>Luna<\/li>\n<li>Merida<\/li>\n<li>Almansa<\/li>\n<li>La Mancha<\/li>\n<li>De Felipe<\/li>\n<li>Aranjuez<\/li>\n<\/ul>\n<p><strong>Western Gitarren<\/strong><\/p>\n<ul>\n<li>Tangelwood<\/li>\n<li>Epiphon<\/li>\n<li>VGS<\/li>\n<li>Luna<\/li>\n<li>Tennessee<\/li>\n<li>Washburn<\/li>\n<li>Yamaha<\/li>\n<li>Simon&amp;Patrick<\/li>\n<li>Art&amp;Lutherre<\/li>\n<li>Seagull<\/li>\n<li>Gibson<\/li>\n<li>Ibanez<\/li>\n<li>Baten Rouge<\/li>\n<\/ul>\n<p><strong>E-Gitarre und B\u00e4sse<\/strong><\/p>\n<ul>\n<li>Epiphon<\/li>\n<li>Ibanez<\/li>\n<li>Gibson<\/li>\n<li>Cort<\/li>\n<li>OIP<\/li>\n<li>Aria<\/li>\n<li>Yamaha<\/li>\n<li>Baton Rouge<\/li>\n<\/ul>\n<p>&nbsp;<\/p>\n<p>&nbsp;<\/p>\n<p>&nbsp;<\/p>\n","protected":false},"excerpt":{"rendered":"<p>Sind Sie auf der Suche nach einer neuen Ukulele, Gitarre oder Bass?\u00a0In unserem separaten Gitarrenraum sind diverse Markennamen vertreten. Ob [&hellip;]<\/p>\n","protected":false},"author":1,"featured_media":0,"parent":70,"menu_order":0,"comment_status":"closed","ping_status":"closed","template":"","meta":{"footnotes":""},"class_list":["post-188","page","type-page","status-publish","hentry"],"_links":{"self":[{"href":"http:\/\/www.musikhaus-ammann.ch\/index.php?rest_route=\/wp\/v2\/pages\/188","targetHints":{"allow":["GET"]}}],"collection":[{"href":"http:\/\/www.musikhaus-ammann.ch\/index.php?rest_route=\/wp\/v2\/pages"}],"about":[{"href":"http:\/\/www.musikhaus-ammann.ch\/index.php?rest_route=\/wp\/v2\/types\/page"}],"author":[{"embeddable":true,"href":"http:\/\/www.musikhaus-ammann.ch\/index.php?rest_route=\/wp\/v2\/users\/1"}],"replies":[{"embeddable":true,"href":"http:\/\/www.musikhaus-ammann.ch\/index.php?rest_route=%2Fwp%2Fv2%2Fcomments&post=188"}],"version-history":[{"count":11,"href":"http:\/\/www.musikhaus-ammann.ch\/index.php?rest_route=\/wp\/v2\/pages\/188\/revisions"}],"predecessor-version":[{"id":323,"href":"http:\/\/www.musikhaus-ammann.ch\/index.php?rest_route=\/wp\/v2\/pages\/188\/revisions\/323"}],"up":[{"embeddable":true,"href":"http:\/\/www.musikhaus-ammann.ch\/index.php?rest_route=\/wp\/v2\/pages\/70"}],"wp:attachment":[{"href":"http:\/\/www.musikhaus-ammann.ch\/index.php?rest_route=%2Fwp%2Fv2%2Fmedia&parent=188"}],"curies":[{"name":"wp","href":"https:\/\/api.w.org\/{rel}","templated":true}]}}