{"id":105,"date":"2017-04-08T12:32:00","date_gmt":"2017-04-08T12:32:00","guid":{"rendered":"http:\/\/www.musikhaus-ammann.ch\/wp\/?page_id=105"},"modified":"2024-09-13T09:05:50","modified_gmt":"2024-09-13T09:05:50","slug":"ueber-uns-2","status":"publish","type":"page","link":"http:\/\/www.musikhaus-ammann.ch\/?page_id=105","title":{"rendered":"\u00dcber uns"},"content":{"rendered":"<p><span style=\"color: #000000;\">Am 26.November 1981 er\u00f6ffnete Hans Ammann das Fachgesch\u00e4ft f\u00fcr Tasteninstrumente, in Niederhasli im Haslim\u00e4rt. Seit April 1995 ist das Gesch\u00e4ft an der Stationsstrass 2 ( direkt beim Bahnhof) in Niederhasli angesiedelt. Das alte Gesch\u00e4fts-und Wohnhaus hatte eine Modernisierung n\u00f6tig. Dies gab uns die Gelegenheit das Sortiment und die Verkaufsr\u00e4ume neu f\u00fcr Sie zu gestalten. Nach l\u00e4ngerer Umbau Phase konnten wir im Juni 2008 die Pforten des neuen Ladenlokales f\u00fcr Sie \u00f6ffnen. Jetzt mit noch mehr Produkten, Instrumenten und grosser Fl\u00fcgel und Klavier Ausstellung. In den vergangenen 43 Jahren hat sich das Musikhaus eine grosse Stammkundschaft erworben und ist in der ganzen Schweiz f\u00fcr seinen guten und Kundenorientierten Service bekannt. Wir sind nicht nur f\u00fcr den Verkauf im Laden f\u00fcr Sie da, sondern auch jeder zeit f\u00fcr offene Fragen.\u00a0Das Qualit\u00e4tsniveau in Beratung, Leistungen und Support ist uns sehr wichtig.\u00a0Besonders gesch\u00e4tzt wird in Musikerkreisen der Stimmservice von dem Klavierbauer-Meister Hans Ammann.\u00a0Reparaturen, Revisionen und auch Oberfl\u00e4chen- Restaurationen werden in der ebenfalls erweiterten eigenen Werkstatt fachgerecht und sorgf\u00e4ltig durchgef\u00fchrt. Seit der Neuer\u00f6ffnung wird unser Musikhaus tatkr\u00e4ftig von Michael Ammann unterst\u00fctzt, als perfekter Allrounder ist er in allen Bereichen f\u00fcr Sie im Einsatz. F\u00fcr den richtigen Ton, unterst\u00fctzt uns seit 2014 Andreas Schmid im Stimmservice.\u00a0<\/span><\/p>\n<p><span style=\"color: #000000;\">Wir freuen uns auf Ihren Besuch!<\/span><\/p>\n<p><span style=\"color: #000000;\">Ihr Musikhaus Ammann Team<\/span><\/p>\n\n\n<p><\/p>\n","protected":false},"excerpt":{"rendered":"<p>Am 26.November 1981 er\u00f6ffnete Hans Ammann das Fachgesch\u00e4ft f\u00fcr Tasteninstrumente, in Niederhasli im Haslim\u00e4rt. Seit April 1995 ist das Gesch\u00e4ft [&hellip;]<\/p>\n","protected":false},"author":1,"featured_media":0,"parent":4,"menu_order":0,"comment_status":"closed","ping_status":"closed","template":"","meta":{"footnotes":""},"class_list":["post-105","page","type-page","status-publish","hentry"],"_links":{"self":[{"href":"http:\/\/www.musikhaus-ammann.ch\/index.php?rest_route=\/wp\/v2\/pages\/105","targetHints":{"allow":["GET"]}}],"collection":[{"href":"http:\/\/www.musikhaus-ammann.ch\/index.php?rest_route=\/wp\/v2\/pages"}],"about":[{"href":"http:\/\/www.musikhaus-ammann.ch\/index.php?rest_route=\/wp\/v2\/types\/page"}],"author":[{"embeddable":true,"href":"http:\/\/www.musikhaus-ammann.ch\/index.php?rest_route=\/wp\/v2\/users\/1"}],"replies":[{"embeddable":true,"href":"http:\/\/www.musikhaus-ammann.ch\/index.php?rest_route=%2Fwp%2Fv2%2Fcomments&post=105"}],"version-history":[{"count":8,"href":"http:\/\/www.musikhaus-ammann.ch\/index.php?rest_route=\/wp\/v2\/pages\/105\/revisions"}],"predecessor-version":[{"id":903,"href":"http:\/\/www.musikhaus-ammann.ch\/index.php?rest_route=\/wp\/v2\/pages\/105\/revisions\/903"}],"up":[{"embeddable":true,"href":"http:\/\/www.musikhaus-ammann.ch\/index.php?rest_route=\/wp\/v2\/pages\/4"}],"wp:attachment":[{"href":"http:\/\/www.musikhaus-ammann.ch\/index.php?rest_route=%2Fwp%2Fv2%2Fmedia&parent=105"}],"curies":[{"name":"wp","href":"https:\/\/api.w.org\/{rel}","templated":true}]}}